{"id":157,"date":"2023-11-07T01:38:50","date_gmt":"2023-11-07T00:38:50","guid":{"rendered":"http:\/\/jlformatik.fr\/?page_id=157"},"modified":"2024-01-08T15:53:37","modified_gmt":"2024-01-08T14:53:37","slug":"prises-de-vue-aeriennes","status":"publish","type":"page","link":"https:\/\/jlformatik.fr\/?page_id=157","title":{"rendered":"Prises de vue A\u00e9riennes"},"content":{"rendered":"\n<p>Nous disposons de deux types de drones (quad-rotors) pour de la prise de vue statique (drone stabilis\u00e9 4K DJI Air 2S \/ Mini 3) ou de la prise de vue dynamique (drone FPV DJI Avata).<\/p>\n\n\n\n<div class=\"wp-block-group is-nowrap is-layout-flex wp-container-core-group-layout-1 wp-block-group-is-layout-flex\">\n<figure class=\"wp-block-image size-large\"><img loading=\"lazy\" decoding=\"async\" width=\"1024\" height=\"449\" src=\"https:\/\/jlformatik.fr\/wp-content\/uploads\/2023\/11\/0ac5dca56726b3dba012e25b5a3082eb_1200x1200-1024x449.webp\" alt=\"\" class=\"wp-image-159\" srcset=\"https:\/\/jlformatik.fr\/wp-content\/uploads\/2023\/11\/0ac5dca56726b3dba012e25b5a3082eb_1200x1200-1024x449.webp 1024w, https:\/\/jlformatik.fr\/wp-content\/uploads\/2023\/11\/0ac5dca56726b3dba012e25b5a3082eb_1200x1200-300x132.webp 300w, https:\/\/jlformatik.fr\/wp-content\/uploads\/2023\/11\/0ac5dca56726b3dba012e25b5a3082eb_1200x1200-768x337.webp 768w, https:\/\/jlformatik.fr\/wp-content\/uploads\/2023\/11\/0ac5dca56726b3dba012e25b5a3082eb_1200x1200.webp 1080w\" sizes=\"(max-width: 1024px) 100vw, 1024px\" \/><\/figure>\n\n\n\n<figure class=\"wp-block-image size-large\"><img loading=\"lazy\" decoding=\"async\" width=\"1024\" height=\"512\" src=\"https:\/\/jlformatik.fr\/wp-content\/uploads\/2023\/11\/02b71ced20f1fc3555e98a75486e23ca-1024x512.png\" alt=\"\" class=\"wp-image-158\" srcset=\"https:\/\/jlformatik.fr\/wp-content\/uploads\/2023\/11\/02b71ced20f1fc3555e98a75486e23ca-1024x512.png 1024w, https:\/\/jlformatik.fr\/wp-content\/uploads\/2023\/11\/02b71ced20f1fc3555e98a75486e23ca-300x150.png 300w, https:\/\/jlformatik.fr\/wp-content\/uploads\/2023\/11\/02b71ced20f1fc3555e98a75486e23ca-768x384.png 768w, https:\/\/jlformatik.fr\/wp-content\/uploads\/2023\/11\/02b71ced20f1fc3555e98a75486e23ca.png 1280w\" sizes=\"(max-width: 1024px) 100vw, 1024px\" \/><\/figure>\n<\/div>\n\n\n\n<p>Si vous avez des plans a r\u00e9aliser lors d&rsquo;occasions sp\u00e9cifiques, pour des clips ou autre prestation, merci de prendre contact.<br>Nous pouvons \u00e9galement r\u00e9aliser les montages a la demande&#8230;<\/p>\n\n\n\n<h2 class=\"wp-block-heading has-text-align-center\">Nos r\u00e9alisations :<\/h2>\n\n\n\n<p class=\"has-text-align-center\">Visitez notre chaine Youtube &#8211;&gt; <a href=\"https:\/\/www.youtube.com\/@djofpv895\" data-type=\"link\" data-id=\"https:\/\/www.youtube.com\/@djofpv895\">Djo FPV<\/a><\/p>\n\n\n\n<div class=\"wp-block-group is-layout-constrained wp-block-group-is-layout-constrained\"><div class=\"wp-block-group__inner-container\">\n<figure class=\"wp-block-embed aligncenter is-type-video is-provider-youtube wp-block-embed-youtube wp-embed-aspect-16-9 wp-has-aspect-ratio\"><div class=\"wp-block-embed__wrapper\">\n<iframe loading=\"lazy\" title=\"Mixing PARAGLIDING with DJI AVATA\" width=\"500\" height=\"281\" src=\"https:\/\/www.youtube.com\/embed\/gll32JCa-bA?feature=oembed\" frameborder=\"0\" allow=\"accelerometer; autoplay; clipboard-write; encrypted-media; gyroscope; picture-in-picture; web-share\" allowfullscreen><\/iframe>\n<\/div><\/figure>\n\n\n\n<figure class=\"wp-block-embed aligncenter is-type-video is-provider-youtube wp-block-embed-youtube wp-embed-aspect-16-9 wp-has-aspect-ratio\"><div class=\"wp-block-embed__wrapper\">\n<iframe loading=\"lazy\" title=\"Djo FPV - Canal de cond\u00e9 - Uncut freestyle\" width=\"500\" height=\"281\" src=\"https:\/\/www.youtube.com\/embed\/b8AALb3CRjA?feature=oembed\" frameborder=\"0\" allow=\"accelerometer; autoplay; clipboard-write; encrypted-media; gyroscope; picture-in-picture; web-share\" allowfullscreen><\/iframe>\n<\/div><\/figure>\n\n\n\n<figure class=\"wp-block-embed aligncenter is-type-rich is-provider-prise-en-charge-des-contenus-embarqu-s wp-block-embed-prise-en-charge-des-contenus-embarqu-s\"><div class=\"wp-block-embed__wrapper\">\n<div style=\"width: 640px;\" class=\"wp-video\"><!--[if lt IE 9]><script>document.createElement('video');<\/script><![endif]-->\n<video class=\"wp-video-shortcode\" id=\"video-157-1\" width=\"640\" height=\"360\" preload=\"metadata\" controls=\"controls\"><source type=\"video\/mp4\" src=\"https:\/\/jlformatik.fr\/wp-content\/uploads\/2023\/11\/Brandeville%20le%2025%20sept%202021.mp4?_=1\" \/><a href=\"https:\/\/jlformatik.fr\/wp-content\/uploads\/2023\/11\/Brandeville%20le%2025%20sept%202021.mp4\">https:\/\/jlformatik.fr\/wp-content\/uploads\/2023\/11\/Brandeville%20le%2025%20sept%202021.mp4<\/a><\/video><\/div>\n<\/div><\/figure>\n<\/div><\/div>\n","protected":false},"excerpt":{"rendered":"<p>Nous disposons de deux types de drones (quad-rotors) pour de la prise de vue statique (drone stabilis\u00e9 4K DJI Air 2S \/ Mini 3) ou de la prise de vue dynamique (drone FPV DJI Avata). Si vous avez des plans a r\u00e9aliser lors d&rsquo;occasions sp\u00e9cifiques, pour des clips ou autre prestation, merci de prendre contact.Nous [&hellip;]<\/p>\n","protected":false},"author":1,"featured_media":0,"parent":0,"menu_order":0,"comment_status":"closed","ping_status":"closed","template":"","meta":{"saved_in_kubio":true,"footnotes":""},"kubio_ai_page_context":{"short_desc":"","purpose":"general"},"featured_media_urls":[],"_links":{"self":[{"href":"https:\/\/jlformatik.fr\/index.php?rest_route=\/wp\/v2\/pages\/157"}],"collection":[{"href":"https:\/\/jlformatik.fr\/index.php?rest_route=\/wp\/v2\/pages"}],"about":[{"href":"https:\/\/jlformatik.fr\/index.php?rest_route=\/wp\/v2\/types\/page"}],"author":[{"embeddable":true,"href":"https:\/\/jlformatik.fr\/index.php?rest_route=\/wp\/v2\/users\/1"}],"replies":[{"embeddable":true,"href":"https:\/\/jlformatik.fr\/index.php?rest_route=%2Fwp%2Fv2%2Fcomments&post=157"}],"version-history":[{"count":13,"href":"https:\/\/jlformatik.fr\/index.php?rest_route=\/wp\/v2\/pages\/157\/revisions"}],"predecessor-version":[{"id":345,"href":"https:\/\/jlformatik.fr\/index.php?rest_route=\/wp\/v2\/pages\/157\/revisions\/345"}],"wp:attachment":[{"href":"https:\/\/jlformatik.fr\/index.php?rest_route=%2Fwp%2Fv2%2Fmedia&parent=157"}],"curies":[{"name":"wp","href":"https:\/\/api.w.org\/{rel}","templated":true}]}}