{"id":144,"date":"2023-11-07T01:02:32","date_gmt":"2023-11-07T00:02:32","guid":{"rendered":"http:\/\/jlformatik.fr\/?page_id=144"},"modified":"2023-11-24T17:53:27","modified_gmt":"2023-11-24T16:53:27","slug":"reseau-dentreprise","status":"publish","type":"page","link":"https:\/\/jlformatik.fr\/?page_id=144","title":{"rendered":"R\u00e9seau d&rsquo;entreprise"},"content":{"rendered":"\n<p>Si vous souhaitez vous installer, faire \u00e9voluer votre architecture r\u00e9seau, nous pouvons vous proposer les services suivants :<\/p>\n\n\n\n<div class=\"wp-block-group is-content-justification-center is-nowrap is-layout-flex wp-container-core-group-layout-1 wp-block-group-is-layout-flex\">\n<ul>\n<li>\u00c9tablissement d&rsquo;un r\u00e9seau local<\/li>\n\n\n\n<li>Pose et raccordement baie de brassage<\/li>\n\n\n\n<li>Ponts Wi-Fi<\/li>\n\n\n\n<li>Serveur Microsoft ou Linux<\/li>\n\n\n\n<li>Active Directory \/ Strat\u00e9gies de groupe<\/li>\n\n\n\n<li>Mise a la RGPD<\/li>\n\n\n\n<li>VPN \/ acc\u00e8s distant<\/li>\n\n\n\n<li>Partages r\u00e9seau<\/li>\n\n\n\n<li>Sauvegardes Automatis\u00e9es<\/li>\n\n\n\n<li>RIG de minage<\/li>\n<\/ul>\n\n\n\n<figure class=\"wp-block-image size-full is-resized\"><img loading=\"lazy\" decoding=\"async\" width=\"425\" height=\"306\" src=\"https:\/\/jlformatik.fr\/wp-content\/uploads\/2023\/11\/148060.png\" alt=\"\" class=\"wp-image-46\" style=\"aspect-ratio:1.3888888888888888;width:411px;height:auto\" srcset=\"https:\/\/jlformatik.fr\/wp-content\/uploads\/2023\/11\/148060.png 425w, https:\/\/jlformatik.fr\/wp-content\/uploads\/2023\/11\/148060-300x216.png 300w\" sizes=\"(max-width: 425px) 100vw, 425px\" \/><\/figure>\n<\/div>\n\n\n\n<p>Pour toute demande particuli\u00e8re, n&rsquo;h\u00e9sitez pas a prendre contact avec nous !<\/p>\n\n\n<div class=\"n2-section-smartslider fitvidsignore  n2_clear\" data-ssid=\"5\" tabindex=\"0\" role=\"region\" aria-label=\"Slider\"><div id=\"n2-ss-5-align\" class=\"n2-ss-align\"><div class=\"n2-padding\"><div id=\"n2-ss-5\" data-creator=\"Smart Slider 3\" data-responsive=\"auto\" class=\"n2-ss-slider n2-ow n2-has-hover n2notransition  \">\n\n\n\n\n\n\n\n\n\n<div class=\"n2-ss-slider-wrapper-outside\" style=\"grid-template-rows:1fr auto\"><div class=\"n2-ss-slider-wrapper-inside\">\n        <div class=\"n2-ss-slider-1 n2_ss__touch_element n2-ow\">\n            <div class=\"n2-ss-slider-2 n2-ow\">\n                                                    <div class=\"n2-ss-background-animation n2-ow\"><\/div>\n                                <div class=\"n2-ss-slider-3 n2-ow\">\n\n                    <div class=\"n2-ss-slide-backgrounds n2-ow-all\"><div class=\"n2-ss-slide-background\" data-public-id=\"1\" data-mode=\"fill\"><div class=\"n2-ss-slide-background-image\" data-blur=\"0\" data-opacity=\"100\" data-x=\"27\" data-y=\"71\" data-alt=\"\" data-title=\"\" style=\"--ss-o-pos-x:27%;--ss-o-pos-y:71%\"><picture class=\"skip-lazy\" data-skip-lazy=\"1\"><img decoding=\"async\" src=\"\/\/jlformatik.fr\/wp-content\/uploads\/slider\/cache\/1fee75876744605d1382b9206957277f\/IMG_20221129_154844-scaled.jpg\" alt=\"\" title=\"\" loading=\"lazy\" class=\"skip-lazy\" data-skip-lazy=\"1\"><\/picture><\/div><div data-color=\"RGBA(255,255,255,0)\" style=\"background-color: RGBA(255,255,255,0);\" class=\"n2-ss-slide-background-color\"><\/div><\/div><div class=\"n2-ss-slide-background\" data-public-id=\"2\" data-mode=\"fill\"><div class=\"n2-ss-slide-background-image\" data-blur=\"0\" data-opacity=\"100\" data-x=\"42\" data-y=\"45\" data-alt=\"\" data-title=\"\" style=\"--ss-o-pos-x:42%;--ss-o-pos-y:45%\"><picture class=\"skip-lazy\" data-skip-lazy=\"1\"><img decoding=\"async\" src=\"\/\/jlformatik.fr\/wp-content\/uploads\/slider\/cache\/d85a89e2f8ce9cfd42badce5ae199d7a\/IMG_20220609_175100-scaled.jpg\" alt=\"\" title=\"\" loading=\"lazy\" class=\"skip-lazy\" data-skip-lazy=\"1\"><\/picture><\/div><div data-color=\"RGBA(255,255,255,0)\" style=\"background-color: RGBA(255,255,255,0);\" class=\"n2-ss-slide-background-color\"><\/div><\/div><div class=\"n2-ss-slide-background\" data-public-id=\"3\" data-mode=\"fill\"><div class=\"n2-ss-slide-background-image\" data-blur=\"0\" data-opacity=\"83\" data-x=\"50\" data-y=\"46\" data-alt=\"\" data-title=\"\" style=\"opacity:0.83;--ss-o-pos-y:46%\"><picture class=\"skip-lazy\" data-skip-lazy=\"1\"><img decoding=\"async\" src=\"\/\/jlformatik.fr\/wp-content\/uploads\/slider\/cache\/1a90898065310d4121a8ed4d86bdae6f\/IMG_20211230_132447-scaled.jpg\" alt=\"\" title=\"\" loading=\"lazy\" class=\"skip-lazy\" data-skip-lazy=\"1\"><\/picture><\/div><div data-color=\"RGBA(255,255,255,0)\" style=\"background-color: RGBA(255,255,255,0);\" class=\"n2-ss-slide-background-color\"><\/div><\/div><\/div>                    <div class=\"n2-ss-slider-4 n2-ow\">\n                        <svg xmlns=\"http:\/\/www.w3.org\/2000\/svg\" viewBox=\"0 0 1200 600\" data-related-device=\"desktopPortrait\" class=\"n2-ow n2-ss-preserve-size n2-ss-preserve-size--slider n2-ss-slide-limiter\"><\/svg><svg xmlns=\"http:\/\/www.w3.org\/2000\/svg\" viewBox=\"0 0 440 500\" data-related-device=\"mobilePortrait\" class=\"n2-ow n2-ss-preserve-size n2-ss-preserve-size--slider n2-ss-slide-limiter\"><\/svg><div data-first=\"1\" data-slide-duration=\"3\" data-id=\"27\" data-slide-public-id=\"1\" data-title=\"image-slider-with-thumbnail1.jpeg\" class=\"n2-ss-slide n2-ow  n2-ss-slide-27\"><div role=\"note\" class=\"n2-ss-slide--focus\" tabindex=\"-1\">image-slider-with-thumbnail1.jpeg<\/div><div class=\"n2-ss-layers-container n2-ss-slide-limiter n2-ow\"><div class=\"n2-ss-layer n2-ow n-uc-lPPFh935sSHJ\" data-sstype=\"slide\" data-pm=\"default\"><\/div><\/div><\/div><div data-slide-duration=\"3\" data-id=\"29\" data-slide-public-id=\"2\" data-title=\"image-slider-with-thumbnail3.jpeg\" class=\"n2-ss-slide n2-ow  n2-ss-slide-29\"><div role=\"note\" class=\"n2-ss-slide--focus\" tabindex=\"-1\">image-slider-with-thumbnail3.jpeg<\/div><div class=\"n2-ss-layers-container n2-ss-slide-limiter n2-ow\"><div class=\"n2-ss-layer n2-ow n-uc-P8lfdtlWE81Z\" data-sstype=\"slide\" data-pm=\"default\"><\/div><\/div><\/div><div data-slide-duration=\"3\" data-id=\"30\" data-slide-public-id=\"3\" data-title=\"image-slider-with-thumbnail4.jpeg\" class=\"n2-ss-slide n2-ow  n2-ss-slide-30\"><div role=\"note\" class=\"n2-ss-slide--focus\" tabindex=\"-1\">image-slider-with-thumbnail4.jpeg<\/div><div class=\"n2-ss-layers-container n2-ss-slide-limiter n2-ow\"><div class=\"n2-ss-layer n2-ow n-uc-x718ne9Pp1Gg\" data-sstype=\"slide\" data-pm=\"default\"><\/div><\/div><\/div>                    <\/div>\n\n                                    <\/div>\n            <\/div>\n        <\/div>\n        <div class=\"n2-ss-slider-controls n2-ss-slider-controls-absolute-right-top\"><div style=\"--widget-offset:18px;\" class=\"n2-ss-widget n2-style-39d91de386d63e8e493aa09391e3689f-heading nextend-autoplay n2-ow-all nextend-autoplay-image\" role=\"button\" aria-label=\"D\u00e9marrage automatique\" data-pause-label=\"Pause d\u00e9marrage automatique\" data-play-label=\"D\u00e9marrage automatique\" tabindex=\"0\"><img decoding=\"async\" class=\"nextend-autoplay-play skip-lazy\" data-skip-lazy=\"1\" src=\"data:image\/svg+xml;base64,PHN2ZyB3aWR0aD0iMTYiIGhlaWdodD0iMTYiIHZpZXdCb3g9IjAgMCAxNiAxNiIgeG1sbnM9Imh0dHA6Ly93d3cudzMub3JnLzIwMDAvc3ZnIj4KICAgIDxwYXRoIGQ9Ik0xMS41OCA3LjAzTDUuMzAyIDIuMTY1QzUuMTY1IDIuMDU3IDUuMDE2IDIgNC44NTcgMiA0LjM4NCAyIDQgMi41MDQgNCAzLjEyNXY5Ljc1YzAgLjYyLjM4NCAxLjEyNS44NTcgMS4xMjUuMTYgMCAuMzA4LS4wNTcuNDM2LS4xNTZMMTEuNTggOC45N2MuMjUtLjE5OC40Mi0uNTU4LjQyLS45NyAwLS40MTItLjE3LS43NzMtLjQyLS45N3oiCiAgICAgICAgICBmaWxsPSIjZmZmZmZmIiBvcGFjaXR5PSIwLjgiIGZpbGwtcnVsZT0iZXZlbm9kZCIvPgo8L3N2Zz4=\" alt=\"Play\"><img decoding=\"async\" class=\"nextend-autoplay-pause skip-lazy\" data-skip-lazy=\"1\" src=\"data:image\/svg+xml;base64,PHN2ZyB3aWR0aD0iMTYiIGhlaWdodD0iMTYiIHZpZXdCb3g9IjAgMCAxNiAxNiIgeG1sbnM9Imh0dHA6Ly93d3cudzMub3JnLzIwMDAvc3ZnIj4KICAgIDxwYXRoIGQ9Ik00IDJ2MTJoM1YySDR6bTUgMHYxMmgzVjJIOXoiIGZpbGw9IiNmZmZmZmYiIG9wYWNpdHk9IjAuOCIgZmlsbC1ydWxlPSJldmVub2RkIi8+Cjwvc3ZnPg==\" alt=\"Pause\"><\/div><\/div><\/div><div class=\"n2-ss-slider-controls n2-ss-slider-controls-below\"><div data-width-percent=\"100\" class=\"n2-ss-widget nextend-thumbnail nextend-thumbnail-default nextend-thumbnail-horizontal n2-ow-all\" style=\"width:100%;\" data-has-next=\"0\" data-has-previous=\"0\"><div class=\"nextend-thumbnail-inner n2-style-2cfadb9440b7ddf3e0fb53c7f16adab2-simple \"><div class=\"nextend-thumbnail-scroller n2-align-content-start\" style=\"grid-template-rows:repeat(1, 1fr)\"><div class=\"n2-thumbnail-dot n2-style-2840da0471d42fe2fd2d7302d55cb2f2-dot \" data-slide-public-id=\"1\" role=\"button\" aria-label=\"image-slider-with-thumbnail1.jpeg\" tabindex=\"0\"><picture class=\"skip-lazy\" data-skip-lazy=\"1\"><img decoding=\"async\" alt=\"image-slider-with-thumbnail1.jpeg\" src=\"https:\/\/jlformatik.fr\/wp-content\/uploads\/slider\/cache\/d065ba9f45627a135455bd9eae4defca\/IMG_20221129_154844-scaled.jpg\" width=\"267\" height=\"120\" loading=\"lazy\" class=\"skip-lazy\" data-skip-lazy=\"1\" \/><\/picture><\/div><div class=\"n2-thumbnail-dot n2-style-2840da0471d42fe2fd2d7302d55cb2f2-dot \" data-slide-public-id=\"2\" role=\"button\" aria-label=\"image-slider-with-thumbnail3.jpeg\" tabindex=\"0\"><picture class=\"skip-lazy\" data-skip-lazy=\"1\"><img decoding=\"async\" alt=\"image-slider-with-thumbnail3.jpeg\" src=\"https:\/\/jlformatik.fr\/wp-content\/uploads\/slider\/cache\/25ceb4d08c2d9dbecb64af4375c9de85\/IMG_20220609_175100-scaled.jpg\" width=\"267\" height=\"120\" loading=\"lazy\" class=\"skip-lazy\" data-skip-lazy=\"1\" \/><\/picture><\/div><div class=\"n2-thumbnail-dot n2-style-2840da0471d42fe2fd2d7302d55cb2f2-dot \" data-slide-public-id=\"3\" role=\"button\" aria-label=\"image-slider-with-thumbnail4.jpeg\" tabindex=\"0\"><picture class=\"skip-lazy\" data-skip-lazy=\"1\"><img decoding=\"async\" alt=\"image-slider-with-thumbnail4.jpeg\" src=\"https:\/\/jlformatik.fr\/wp-content\/uploads\/slider\/cache\/547679b1aded555151c1eed035b53240\/IMG_20211230_132447-scaled.jpg\" width=\"240\" height=\"533\" loading=\"lazy\" class=\"skip-lazy\" data-skip-lazy=\"1\" \/><\/picture><\/div><\/div><\/div><\/div><\/div><\/div><\/div><ss3-loader><\/ss3-loader><\/div><\/div><div class=\"n2_clear\"><\/div><\/div>","protected":false},"excerpt":{"rendered":"<p>Si vous souhaitez vous installer, faire \u00e9voluer votre architecture r\u00e9seau, nous pouvons vous proposer les services suivants : Pour toute demande particuli\u00e8re, n&rsquo;h\u00e9sitez pas a prendre contact avec nous !<\/p>\n","protected":false},"author":1,"featured_media":0,"parent":0,"menu_order":0,"comment_status":"closed","ping_status":"closed","template":"","meta":{"saved_in_kubio":false,"footnotes":""},"kubio_ai_page_context":{"short_desc":"","purpose":"general"},"featured_media_urls":[],"_links":{"self":[{"href":"https:\/\/jlformatik.fr\/index.php?rest_route=\/wp\/v2\/pages\/144"}],"collection":[{"href":"https:\/\/jlformatik.fr\/index.php?rest_route=\/wp\/v2\/pages"}],"about":[{"href":"https:\/\/jlformatik.fr\/index.php?rest_route=\/wp\/v2\/types\/page"}],"author":[{"embeddable":true,"href":"https:\/\/jlformatik.fr\/index.php?rest_route=\/wp\/v2\/users\/1"}],"replies":[{"embeddable":true,"href":"https:\/\/jlformatik.fr\/index.php?rest_route=%2Fwp%2Fv2%2Fcomments&post=144"}],"version-history":[{"count":5,"href":"https:\/\/jlformatik.fr\/index.php?rest_route=\/wp\/v2\/pages\/144\/revisions"}],"predecessor-version":[{"id":274,"href":"https:\/\/jlformatik.fr\/index.php?rest_route=\/wp\/v2\/pages\/144\/revisions\/274"}],"wp:attachment":[{"href":"https:\/\/jlformatik.fr\/index.php?rest_route=%2Fwp%2Fv2%2Fmedia&parent=144"}],"curies":[{"name":"wp","href":"https:\/\/api.w.org\/{rel}","templated":true}]}}