{"id":130,"date":"2023-11-07T00:29:15","date_gmt":"2023-11-06T23:29:15","guid":{"rendered":"http:\/\/jlformatik.fr\/?page_id=130"},"modified":"2023-12-13T22:43:10","modified_gmt":"2023-12-13T21:43:10","slug":"electronique","status":"publish","type":"page","link":"https:\/\/jlformatik.fr\/?page_id=130","title":{"rendered":"\u00c9lectronique"},"content":{"rendered":"\n<p>Nous disposons du mat\u00e9riel n\u00e9cessaire pour effectuer des r\u00e9parations de micro-soudure :<\/p>\n\n\n\n<ul>\n<li>Fer a souder<\/li>\n\n\n\n<li>Station de soudure a air chaud<\/li>\n\n\n\n<li>Microscope binoculaire<\/li>\n\n\n\n<li>Cam\u00e9ra thermique<\/li>\n\n\n\n<li>Pochoirs de rebillage<\/li>\n\n\n\n<li>Alimentation stabilis\u00e9e<\/li>\n\n\n\n<li>Multim\u00e8tre<\/li>\n<\/ul>\n\n\n\n<figure class=\"wp-block-gallery has-nested-images columns-2 is-cropped wp-block-gallery-2 is-layout-flex wp-block-gallery-is-layout-flex\">\n<figure class=\"wp-block-image size-full wp-duotone-unset-1\"><img loading=\"lazy\" decoding=\"async\" width=\"1800\" height=\"1801\" data-id=\"137\" src=\"https:\/\/jlformatik.fr\/wp-content\/uploads\/2023\/11\/IMG_20221116_154345-edited.jpg\" alt=\"\" class=\"wp-image-137\" srcset=\"https:\/\/jlformatik.fr\/wp-content\/uploads\/2023\/11\/IMG_20221116_154345-edited.jpg 1800w, https:\/\/jlformatik.fr\/wp-content\/uploads\/2023\/11\/IMG_20221116_154345-edited-300x300.jpg 300w, https:\/\/jlformatik.fr\/wp-content\/uploads\/2023\/11\/IMG_20221116_154345-edited-1024x1024.jpg 1024w, https:\/\/jlformatik.fr\/wp-content\/uploads\/2023\/11\/IMG_20221116_154345-edited-150x150.jpg 150w, https:\/\/jlformatik.fr\/wp-content\/uploads\/2023\/11\/IMG_20221116_154345-edited-768x768.jpg 768w, https:\/\/jlformatik.fr\/wp-content\/uploads\/2023\/11\/IMG_20221116_154345-edited-1536x1536.jpg 1536w\" sizes=\"(max-width: 1800px) 100vw, 1800px\" \/><\/figure>\n\n\n\n<figure class=\"wp-block-image size-full\"><img loading=\"lazy\" decoding=\"async\" width=\"1800\" height=\"1801\" data-id=\"136\" src=\"https:\/\/jlformatik.fr\/wp-content\/uploads\/2023\/11\/IMG_20221115_202516-edited.jpg\" alt=\"\" class=\"wp-image-136\" srcset=\"https:\/\/jlformatik.fr\/wp-content\/uploads\/2023\/11\/IMG_20221115_202516-edited.jpg 1800w, https:\/\/jlformatik.fr\/wp-content\/uploads\/2023\/11\/IMG_20221115_202516-edited-300x300.jpg 300w, https:\/\/jlformatik.fr\/wp-content\/uploads\/2023\/11\/IMG_20221115_202516-edited-1024x1024.jpg 1024w, https:\/\/jlformatik.fr\/wp-content\/uploads\/2023\/11\/IMG_20221115_202516-edited-150x150.jpg 150w, https:\/\/jlformatik.fr\/wp-content\/uploads\/2023\/11\/IMG_20221115_202516-edited-768x768.jpg 768w, https:\/\/jlformatik.fr\/wp-content\/uploads\/2023\/11\/IMG_20221115_202516-edited-1536x1536.jpg 1536w\" sizes=\"(max-width: 1800px) 100vw, 1800px\" \/><\/figure>\n<\/figure>\n\n\n\n<p>Si votre appareil ne fonctionne plus suite a un court-circuit, un liquide renvers\u00e9, une chute, ou tout autre panne emp\u00eachant le bon fonctionnement de celui-ci, nous pouvons \u00e9tablir un devis de r\u00e9paration au cas par cas.<\/p>\n\n\n\n<p>Merci de nous contacter&#8230;<\/p>\n","protected":false},"excerpt":{"rendered":"<p>Nous disposons du mat\u00e9riel n\u00e9cessaire pour effectuer des r\u00e9parations de micro-soudure : Si votre appareil ne fonctionne plus suite a un court-circuit, un liquide renvers\u00e9, une chute, ou tout autre panne emp\u00eachant le bon fonctionnement de celui-ci, nous pouvons \u00e9tablir un devis de r\u00e9paration au cas par cas. Merci de nous contacter&#8230;<\/p>\n","protected":false},"author":1,"featured_media":0,"parent":0,"menu_order":0,"comment_status":"closed","ping_status":"closed","template":"","meta":{"saved_in_kubio":true,"footnotes":""},"kubio_ai_page_context":{"short_desc":"","purpose":"general"},"featured_media_urls":[],"_links":{"self":[{"href":"https:\/\/jlformatik.fr\/index.php?rest_route=\/wp\/v2\/pages\/130"}],"collection":[{"href":"https:\/\/jlformatik.fr\/index.php?rest_route=\/wp\/v2\/pages"}],"about":[{"href":"https:\/\/jlformatik.fr\/index.php?rest_route=\/wp\/v2\/types\/page"}],"author":[{"embeddable":true,"href":"https:\/\/jlformatik.fr\/index.php?rest_route=\/wp\/v2\/users\/1"}],"replies":[{"embeddable":true,"href":"https:\/\/jlformatik.fr\/index.php?rest_route=%2Fwp%2Fv2%2Fcomments&post=130"}],"version-history":[{"count":8,"href":"https:\/\/jlformatik.fr\/index.php?rest_route=\/wp\/v2\/pages\/130\/revisions"}],"predecessor-version":[{"id":329,"href":"https:\/\/jlformatik.fr\/index.php?rest_route=\/wp\/v2\/pages\/130\/revisions\/329"}],"wp:attachment":[{"href":"https:\/\/jlformatik.fr\/index.php?rest_route=%2Fwp%2Fv2%2Fmedia&parent=130"}],"curies":[{"name":"wp","href":"https:\/\/api.w.org\/{rel}","templated":true}]}}